{"id":56,"date":"2025-05-09T16:58:23","date_gmt":"2025-05-09T14:58:23","guid":{"rendered":"https:\/\/www.setesdalnet.no\/?page_id=56"},"modified":"2025-05-21T21:57:04","modified_gmt":"2025-05-21T19:57:04","slug":"rootsertifikater-for-nettverkstilgang","status":"publish","type":"page","link":"https:\/\/www.setesdalnet.no\/?page_id=56","title":{"rendered":"Rootsertifikater for nettverkstilgang"},"content":{"rendered":"\n<p>Du m\u00e5 laste ned og installere Setesdalnet-CA Root-sertifikat f\u00f8r du kan benytte deg av nettverkstjenester i v\u00e5re nett.<\/p>\n\n\n\n<p>Sertifikatene finner du under:<\/p>\n\n\n\n<p>DER-format:  <a href=\"https:\/\/www.setesdalnet.no\/Certs\/Setesdalnet-CA_ROOT_DER.cer\">https:\/\/www.setesdalnet.no\/Certs\/Setesdalnet-CA_ROOT_DER.cer<\/a><\/p>\n\n\n\n<p>BASE64-format: <a href=\"https:\/\/www.setesdalnet.no\/Certs\/Setesdalnet-CA_ROOT_BASE64.cer\">https:\/\/www.setesdalnet.no\/Certs\/Setesdalnet-CA_ROOT_BASE64.cer<\/a><\/p>\n\n\n\n<p><\/p>\n\n\n\n<p><\/p>\n\n\n\n<p><\/p>\n","protected":false},"excerpt":{"rendered":"<p>Du m\u00e5 laste ned og installere Setesdalnet-CA Root-sertifikat f\u00f8r du kan benytte deg av nettverkstjenester i v\u00e5re nett. Sertifikatene finner du under: DER-format: https:\/\/www.setesdalnet.no\/Certs\/Setesdalnet-CA_ROOT_DER.cer BASE64-format: https:\/\/www.setesdalnet.no\/Certs\/Setesdalnet-CA_ROOT_BASE64.cer<\/p>\n","protected":false},"author":1,"featured_media":35,"parent":0,"menu_order":0,"comment_status":"closed","ping_status":"closed","template":"","meta":{"footnotes":""},"class_list":["post-56","page","type-page","status-publish","has-post-thumbnail","hentry"],"jetpack_sharing_enabled":true,"_links":{"self":[{"href":"https:\/\/www.setesdalnet.no\/index.php?rest_route=\/wp\/v2\/pages\/56","targetHints":{"allow":["GET"]}}],"collection":[{"href":"https:\/\/www.setesdalnet.no\/index.php?rest_route=\/wp\/v2\/pages"}],"about":[{"href":"https:\/\/www.setesdalnet.no\/index.php?rest_route=\/wp\/v2\/types\/page"}],"author":[{"embeddable":true,"href":"https:\/\/www.setesdalnet.no\/index.php?rest_route=\/wp\/v2\/users\/1"}],"replies":[{"embeddable":true,"href":"https:\/\/www.setesdalnet.no\/index.php?rest_route=%2Fwp%2Fv2%2Fcomments&post=56"}],"version-history":[{"count":2,"href":"https:\/\/www.setesdalnet.no\/index.php?rest_route=\/wp\/v2\/pages\/56\/revisions"}],"predecessor-version":[{"id":58,"href":"https:\/\/www.setesdalnet.no\/index.php?rest_route=\/wp\/v2\/pages\/56\/revisions\/58"}],"wp:featuredmedia":[{"embeddable":true,"href":"https:\/\/www.setesdalnet.no\/index.php?rest_route=\/wp\/v2\/media\/35"}],"wp:attachment":[{"href":"https:\/\/www.setesdalnet.no\/index.php?rest_route=%2Fwp%2Fv2%2Fmedia&parent=56"}],"curies":[{"name":"wp","href":"https:\/\/api.w.org\/{rel}","templated":true}]}}